{"id":1763,"date":"2026-01-19T11:33:28","date_gmt":"2026-01-19T10:33:28","guid":{"rendered":"https:\/\/duinhilletje.nl\/?page_id=1763"},"modified":"2026-03-13T18:29:37","modified_gmt":"2026-03-13T17:29:37","slug":"home-2","status":"publish","type":"page","link":"https:\/\/duinhilletje.nl\/de\/","title":{"rendered":"Willkommen in Duinhilletje"},"content":{"rendered":"<div class=\"wp-block-getwid-section alignfull alignfull getwid-section-content-full-width\"><div class=\"wp-block-getwid-section__wrapper getwid-padding-top-medium getwid-padding-bottom-medium getwid-padding-left-normal getwid-padding-right-normal getwid-padding-tablet-left-medium getwid-padding-tablet-right-medium getwid-padding-mobile-left-small getwid-padding-mobile-right-small getwid-align-items-mobile-flex-start getwid-justify-content-mobile-center getwid-reset-min-height-mobile\" style=\"min-height:650px\"><div class=\"wp-block-getwid-section__inner-wrapper\"><div class=\"wp-block-getwid-section__background-holder\"><div class=\"wp-block-getwid-section__background\"><div class=\"wp-block-getwid-section__background-slider-wrapper\"><div class=\"wp-block-getwid-section__background-slider\" data-autoplay=\"true\" data-autoplay-speed=\"2000\" data-slide-effect=\"fade\" data-slide-speed=\"3000\" data-infinite=\"true\"><div class=\"wp-block-getwid-section__background-slider-item\"><img loading=\"lazy\" decoding=\"async\" width=\"1280\" height=\"853\" src=\"https:\/\/duinhilletje.nl\/wp-content\/uploads\/2026\/03\/buitenkant-1.png\" class=\"wp-image-2072\" alt=\"\" data-id=\"2072\" srcset=\"https:\/\/duinhilletje.nl\/wp-content\/uploads\/2026\/03\/buitenkant-1.png 1280w, https:\/\/duinhilletje.nl\/wp-content\/uploads\/2026\/03\/buitenkant-1-300x200.png 300w, https:\/\/duinhilletje.nl\/wp-content\/uploads\/2026\/03\/buitenkant-1-1024x682.png 1024w, https:\/\/duinhilletje.nl\/wp-content\/uploads\/2026\/03\/buitenkant-1-768x512.png 768w, https:\/\/duinhilletje.nl\/wp-content\/uploads\/2026\/03\/buitenkant-1-18x12.png 18w, https:\/\/duinhilletje.nl\/wp-content\/uploads\/2026\/03\/buitenkant-1-892x594.png 892w\" sizes=\"auto, (max-width: 1280px) 100vw, 1280px\" \/><\/div><div class=\"wp-block-getwid-section__background-slider-item\"><img loading=\"lazy\" decoding=\"async\" width=\"1280\" height=\"853\" src=\"https:\/\/duinhilletje.nl\/wp-content\/uploads\/2026\/03\/omgeving-3.png\" class=\"wp-image-2052\" alt=\"\" data-id=\"2052\" srcset=\"https:\/\/duinhilletje.nl\/wp-content\/uploads\/2026\/03\/omgeving-3.png 1280w, https:\/\/duinhilletje.nl\/wp-content\/uploads\/2026\/03\/omgeving-3-300x200.png 300w, https:\/\/duinhilletje.nl\/wp-content\/uploads\/2026\/03\/omgeving-3-1024x682.png 1024w, https:\/\/duinhilletje.nl\/wp-content\/uploads\/2026\/03\/omgeving-3-768x512.png 768w, https:\/\/duinhilletje.nl\/wp-content\/uploads\/2026\/03\/omgeving-3-18x12.png 18w, https:\/\/duinhilletje.nl\/wp-content\/uploads\/2026\/03\/omgeving-3-892x594.png 892w\" sizes=\"auto, (max-width: 1280px) 100vw, 1280px\" \/><\/div><div class=\"wp-block-getwid-section__background-slider-item\"><img loading=\"lazy\" decoding=\"async\" width=\"1280\" height=\"960\" src=\"https:\/\/duinhilletje.nl\/wp-content\/uploads\/2026\/03\/buitenkant-3.png\" class=\"wp-image-2070\" alt=\"\" data-id=\"2070\" srcset=\"https:\/\/duinhilletje.nl\/wp-content\/uploads\/2026\/03\/buitenkant-3.png 1280w, https:\/\/duinhilletje.nl\/wp-content\/uploads\/2026\/03\/buitenkant-3-300x225.png 300w, https:\/\/duinhilletje.nl\/wp-content\/uploads\/2026\/03\/buitenkant-3-1024x768.png 1024w, https:\/\/duinhilletje.nl\/wp-content\/uploads\/2026\/03\/buitenkant-3-768x576.png 768w, https:\/\/duinhilletje.nl\/wp-content\/uploads\/2026\/03\/buitenkant-3-16x12.png 16w, https:\/\/duinhilletje.nl\/wp-content\/uploads\/2026\/03\/buitenkant-3-892x669.png 892w\" sizes=\"auto, (max-width: 1280px) 100vw, 1280px\" \/><\/div><div class=\"wp-block-getwid-section__background-slider-item\"><img loading=\"lazy\" decoding=\"async\" width=\"1280\" height=\"960\" src=\"https:\/\/duinhilletje.nl\/wp-content\/uploads\/2026\/03\/park-2.png\" class=\"wp-image-2049\" alt=\"\" data-id=\"2049\" srcset=\"https:\/\/duinhilletje.nl\/wp-content\/uploads\/2026\/03\/park-2.png 1280w, https:\/\/duinhilletje.nl\/wp-content\/uploads\/2026\/03\/park-2-300x225.png 300w, https:\/\/duinhilletje.nl\/wp-content\/uploads\/2026\/03\/park-2-1024x768.png 1024w, https:\/\/duinhilletje.nl\/wp-content\/uploads\/2026\/03\/park-2-768x576.png 768w, https:\/\/duinhilletje.nl\/wp-content\/uploads\/2026\/03\/park-2-16x12.png 16w, https:\/\/duinhilletje.nl\/wp-content\/uploads\/2026\/03\/park-2-892x669.png 892w\" sizes=\"auto, (max-width: 1280px) 100vw, 1280px\" \/><\/div><div class=\"wp-block-getwid-section__background-slider-item\"><img loading=\"lazy\" decoding=\"async\" width=\"1280\" height=\"853\" src=\"https:\/\/duinhilletje.nl\/wp-content\/uploads\/2026\/03\/buitenkant-9.png\" class=\"wp-image-2065\" alt=\"\" data-id=\"2065\" srcset=\"https:\/\/duinhilletje.nl\/wp-content\/uploads\/2026\/03\/buitenkant-9.png 1280w, https:\/\/duinhilletje.nl\/wp-content\/uploads\/2026\/03\/buitenkant-9-300x200.png 300w, https:\/\/duinhilletje.nl\/wp-content\/uploads\/2026\/03\/buitenkant-9-1024x682.png 1024w, https:\/\/duinhilletje.nl\/wp-content\/uploads\/2026\/03\/buitenkant-9-768x512.png 768w, https:\/\/duinhilletje.nl\/wp-content\/uploads\/2026\/03\/buitenkant-9-18x12.png 18w, https:\/\/duinhilletje.nl\/wp-content\/uploads\/2026\/03\/buitenkant-9-892x594.png 892w\" sizes=\"auto, (max-width: 1280px) 100vw, 1280px\" \/><\/div><div class=\"wp-block-getwid-section__background-slider-item\"><img loading=\"lazy\" decoding=\"async\" width=\"960\" height=\"1280\" src=\"https:\/\/duinhilletje.nl\/wp-content\/uploads\/2026\/03\/park-3.png\" class=\"wp-image-2048\" alt=\"\" data-id=\"2048\" srcset=\"https:\/\/duinhilletje.nl\/wp-content\/uploads\/2026\/03\/park-3.png 960w, https:\/\/duinhilletje.nl\/wp-content\/uploads\/2026\/03\/park-3-225x300.png 225w, https:\/\/duinhilletje.nl\/wp-content\/uploads\/2026\/03\/park-3-768x1024.png 768w, https:\/\/duinhilletje.nl\/wp-content\/uploads\/2026\/03\/park-3-9x12.png 9w, https:\/\/duinhilletje.nl\/wp-content\/uploads\/2026\/03\/park-3-892x1189.png 892w\" sizes=\"auto, (max-width: 960px) 100vw, 960px\" \/><\/div><div class=\"wp-block-getwid-section__background-slider-item\"><img loading=\"lazy\" decoding=\"async\" width=\"1280\" height=\"960\" src=\"https:\/\/duinhilletje.nl\/wp-content\/uploads\/2026\/03\/buitenkant-13.png\" class=\"wp-image-2061\" alt=\"\" data-id=\"2061\" srcset=\"https:\/\/duinhilletje.nl\/wp-content\/uploads\/2026\/03\/buitenkant-13.png 1280w, https:\/\/duinhilletje.nl\/wp-content\/uploads\/2026\/03\/buitenkant-13-300x225.png 300w, https:\/\/duinhilletje.nl\/wp-content\/uploads\/2026\/03\/buitenkant-13-1024x768.png 1024w, https:\/\/duinhilletje.nl\/wp-content\/uploads\/2026\/03\/buitenkant-13-768x576.png 768w, https:\/\/duinhilletje.nl\/wp-content\/uploads\/2026\/03\/buitenkant-13-16x12.png 16w, https:\/\/duinhilletje.nl\/wp-content\/uploads\/2026\/03\/buitenkant-13-892x669.png 892w\" sizes=\"auto, (max-width: 1280px) 100vw, 1280px\" \/><\/div><\/div><\/div><\/div><div class=\"wp-block-getwid-section__foreground\"><\/div><\/div><div class=\"wp-block-getwid-section__content\"><div class=\"wp-block-getwid-section__inner-content\">\n<div class=\"wp-block-getwid-section getwid-margin-top-medium getwid-section-content-custom-width\"><div class=\"wp-block-getwid-section__wrapper getwid-padding-top-none getwid-padding-bottom-none getwid-padding-left-none getwid-padding-right-none getwid-justify-content-flex-start\"><div class=\"wp-block-getwid-section__inner-wrapper\" style=\"max-width:885px\"><div class=\"wp-block-getwid-section__background-holder\"><div class=\"wp-block-getwid-section__background\"><\/div><div class=\"wp-block-getwid-section__foreground\"><\/div><\/div><div class=\"wp-block-getwid-section__content\"><div class=\"wp-block-getwid-section__inner-content\">\n<div class=\"wp-block-getwid-section is-style-rounded\"><div class=\"wp-block-getwid-section__wrapper getwid-padding-top-large getwid-padding-left-none getwid-padding-right-none getwid-reset-min-height-mobile\" style=\"margin-left:62px;margin-right:62px;padding-bottom:110px\"><div class=\"wp-block-getwid-section__inner-wrapper\"><div class=\"wp-block-getwid-section__background-holder\"><div class=\"wp-block-getwid-section__background\"><\/div><div class=\"wp-block-getwid-section__foreground\" style=\"opacity:0.6;background-color:#ffffff\"><\/div><\/div><div class=\"wp-block-getwid-section__content\"><div class=\"wp-block-getwid-section__inner-content\">\n<div class=\"wp-block-getwid-section\"><div class=\"wp-block-getwid-section__wrapper getwid-padding-top-none getwid-padding-bottom-none getwid-padding-left-none getwid-padding-right-none\" style=\"margin-left:-50px;margin-right:-50px\"><div class=\"wp-block-getwid-section__inner-wrapper\"><div class=\"wp-block-getwid-section__background-holder\"><div class=\"wp-block-getwid-section__background\"><\/div><div class=\"wp-block-getwid-section__foreground\"><\/div><\/div><div class=\"wp-block-getwid-section__content\"><div class=\"wp-block-getwid-section__inner-content\">\n<div class=\"wp-block-getwid-advanced-heading has-custom-font-size fs-mobile-60\" style=\"font-size:16px\"><span class=\"wp-block-getwid-advanced-heading__content has-text-color has-arsenic-color\" style=\"text-align:center\">Ihr wundersch\u00f6ner Urlaubsort am Meer<\/span><\/div>\n\n\n\n<div class=\"wp-block-getwid-advanced-heading has-custom-font-size fs-mobile-50\" style=\"font-size:39px;margin-bottom:20px\"><h2 class=\"wp-block-getwid-advanced-heading__content\" style=\"text-align:center;margin-left:10px;margin-right:10px\">Willkommen in Duinhilletje<\/h2><\/div>\n<\/div><\/div><\/div><\/div><\/div>\n<\/div><\/div><\/div><\/div><\/div>\n<\/div><\/div><\/div><\/div><\/div>\n<\/div><\/div><\/div><\/div><\/div>\n\n\n\n<div class=\"wp-block-columns is-layout-flex wp-container-core-columns-is-layout-28f84493 wp-block-columns-is-layout-flex\">\n<div class=\"wp-block-column is-layout-flow wp-block-column-is-layout-flow\">\n<div style=\"height:0px\" aria-hidden=\"true\" class=\"wp-block-spacer\"><\/div>\n\n\n\n<p>Entfliehen Sie dem Alltag und entspannen Sie sich im charmanten und komfortablen Chalet Duinhilletje im ruhigen Ferienpark Haayse Bos in Ouddorp. Unser Chalet wird privat vermietet und ist komplett ausgestattet, sodass Sie einen wunderbaren, unbeschwerten Urlaub an der niederl\u00e4ndischen K\u00fcste genie\u00dfen k\u00f6nnen. <br><br>Nutzen Sie dieses Suchtool und pr\u00fcfen Sie, ob in Ihrem gew\u00e4hlten Zeitraum noch Verf\u00fcgbarkeiten vorhanden sind.<\/p>\n<\/div>\n\n\n\n<div class=\"wp-block-column is-layout-flow wp-block-column-is-layout-flow\"><div class=\"mphb_sc_search-wrapper is-style-default\">\n<form method=\"GET\" class=\"mphb_sc_search-form\" action=\"https:\/\/duinhilletje.nl\/de\/zoekresultaten\/\" data-first_available_check_in_date=\"2026-04-07\" data-trp-original-action=\"https:\/\/duinhilletje.nl\/de\/zoekresultaten\/\">\n\n\t\n\t<p class=\"mphb_sc_search-check-in-date\">\n\t\t<label for=\"mphb_check_in_date-mphb-search-form-69d518ffb390b\">\n\t\t\tAnreise\t\t\t<abbr title=\"Formatiert als dd\/mm\/yyyy\">*<\/abbr>\n\t\t<\/label>\n\t\t<br \/>\n\t\t<input\n\t\t\tid=\"mphb_check_in_date-mphb-search-form-69d518ffb390b\"\n\t\t\tdata-datepick-group=\"mphb-search-form-69d518ffb390b\"\n\t\t\tvalue=\"\"\n\t\t\tplaceholder=\"Anreisedatum\"\n\t\t\trequired=\"required\"\n\t\t\ttype=\"text\"\n\t\t\tinputmode=\"none\"\n\t\t\tname=\"mphb_check_in_date\"\n\t\t\tclass=\"mphb-datepick\"\n\t\t\tautocomplete=\"off\"\n\t\t\t\/>\n\t<\/p>\n\n\t<p class=\"mphb_sc_search-check-out-date\">\n\t\t<label for=\"mphb_check_out_date-mphb-search-form-69d518ffb390b\">\n\t\t\tAbreise\t\t\t<abbr title=\"Formatiert als dd\/mm\/yyyy\">*<\/abbr>\n\t\t<\/label>\n\t\t<br \/>\n\t\t<input\n\t\t\tid=\"mphb_check_out_date-mphb-search-form-69d518ffb390b\"\n\t\t\tdata-datepick-group=\"mphb-search-form-69d518ffb390b\"\n\t\t\tvalue=\"\"\n\t\t\tplaceholder=\"Abreisedatum\"\n\t\t\trequired=\"required\"\n\t\t\ttype=\"text\"\n\t\t\tinputmode=\"none\"\n\t\t\tname=\"mphb_check_out_date\"\n\t\t\tclass=\"mphb-datepick\"\n\t\t\tautocomplete=\"off\"\n\t\t\t\/>\n\t<\/p>\n\n\t\t\t<input type=\"hidden\" id=\"mphb_adults-mphb-search-form-69d518ffb390b\" name=\"mphb_adults\" value=\"1\" \/>\n\t\n\t\t\t<input type=\"hidden\" id=\"mphb_children-mphb-search-form-69d518ffb390b\" name=\"mphb_children\" value=\"0\" \/>\n\t\n\t\n\t\n\t<input id=\"mphb_check_in_date-mphb-search-form-69d518ffb390b-hidden\" value=\"\" type=\"hidden\" name=\"mphb_check_in_date\" \/><input id=\"mphb_check_out_date-mphb-search-form-69d518ffb390b-hidden\" value=\"\" type=\"hidden\" name=\"mphb_check_out_date\" \/>\n\t<p class=\"mphb_sc_search-submit-button-wrapper\">\n\t\t<input type=\"submit\" class=\"button\" value=\"Suche\"\/>\n\t<\/p>\n\n\t\n<input type=\"hidden\" name=\"trp-form-language\" value=\"de\"\/><\/form>\n<\/div><\/div>\n<\/div>\n\n\n\n<blockquote class=\"wp-block-quote is-layout-flow wp-block-quote-is-layout-flow\">\n<p>Der Ursprung des Namens <strong>DUINHILLETJE<\/strong>:<br><em>H\u00fcgel in den D\u00fcnen: Das Wort setzt sich aus \u2018duin\u2019 und \u2018hil\u2019 zusammen. \u201eHil\u201c ist ein altniederl\u00e4ndisches oder dialektales Wort f\u00fcr eine nat\u00fcrliche oder k\u00fcnstliche Erhebung, einen H\u00fcgel oder eine Anh\u00f6he in einer ansonsten flachen Landschaft. <\/em><\/p>\n<\/blockquote>\n\n\n\n<div class=\"wp-block-columns is-layout-flex wp-container-core-columns-is-layout-28f84493 wp-block-columns-is-layout-flex\">\n<div class=\"wp-block-column is-layout-flow wp-block-column-is-layout-flow\" style=\"flex-basis:100%\">\n<div class=\"wp-block-group has-color-10-background-color has-background is-nowrap is-layout-flex wp-container-core-group-is-layout-6c531013 wp-block-group-is-layout-flex\">\n<div class=\"wp-block-media-text is-stacked-on-mobile is-image-fill-element wp-container-content-9cfa9a5a\" style=\"margin-top:0;margin-right:0;margin-bottom:0;margin-left:0\"><figure class=\"wp-block-media-text__media\"><img loading=\"lazy\" decoding=\"async\" width=\"750\" height=\"563\" src=\"https:\/\/duinhilletje.nl\/wp-content\/uploads\/2026\/03\/ouddorp-centrum.jpg\" alt=\"\" class=\"wp-image-1986 size-full\" style=\"object-position:50% 50%\" srcset=\"https:\/\/duinhilletje.nl\/wp-content\/uploads\/2026\/03\/ouddorp-centrum.jpg 750w, https:\/\/duinhilletje.nl\/wp-content\/uploads\/2026\/03\/ouddorp-centrum-300x225.jpg 300w\" sizes=\"auto, (max-width: 750px) 100vw, 750px\" \/><\/figure><div class=\"wp-block-media-text__content\">\n<div style=\"height:2px\" aria-hidden=\"true\" class=\"wp-block-spacer\"><\/div>\n\n\n\n<h2 class=\"wp-block-heading\"><strong>Betrachten Sie die Umgebung<\/strong><\/h2>\n\n\n\n<p>Ouddorp ist heute attraktiver denn je. Umgeben von weitl\u00e4ufigen Str\u00e4nden, D\u00fcnen und ausgedehnten Naturschutzgebieten, ist es ein Ort, an dem Ruhe und Weite auf nat\u00fcrliche Weise zusammenkommen. Von langen Spazierg\u00e4ngen am Meer \u00fcber Radtouren durchs Gr\u00fcne bis hin zu charmanten Dorfpl\u00e4tzen: Alles ist bequem erreichbar. Die Umgebung l\u00e4dt zum Entspannen ein und zeigt, wie wertvoll Natur, frische Luft und Stille in einer immer hektischer werdenden Welt sein k\u00f6nnen.<\/p>\n\n\n\n<div class=\"wp-block-buttons is-layout-flex wp-block-buttons-is-layout-flex\">\n<div class=\"wp-block-button\"><a class=\"wp-block-button__link wp-element-button\" href=\"https:\/\/duinhilletje.nl\/de\/omgeving\/\">Mehr lesen<\/a><\/div>\n<\/div>\n\n\n\n<div style=\"height:15px\" aria-hidden=\"true\" class=\"wp-block-spacer\"><\/div>\n<\/div><\/div>\n<\/div>\n<\/div>\n<\/div>\n\n\n\n<h2 class=\"wp-block-heading\">Aktuelle Nachrichten<\/h2>\n\n\n\n<div class=\"wp-block-columns is-layout-flex wp-container-core-columns-is-layout-28f84493 wp-block-columns-is-layout-flex\">\n<div class=\"wp-block-column is-layout-flow wp-block-column-is-layout-flow\" style=\"flex-basis:100%\"><ul style=\"border-top-left-radius:0px;border-top-right-radius:0px;border-bottom-left-radius:0px;border-bottom-right-radius:0px;border-width:20px; margin-top:0px;margin-bottom:0px;margin-left:0px;margin-right:0px;\" class=\"wp-block-latest-posts__list has-dates wp-block-latest-posts has-background has-color-7-background-color has-normal-font-size has-border-color has-color-7-border-color\"><li><a class=\"wp-block-latest-posts__post-title\" href=\"https:\/\/duinhilletje.nl\/de\/nieuwe-chalet-in-de-verhuur\/\">Neues Chalet zu vermieten<\/a><time datetime=\"2026-01-19T13:50:17+01:00\" class=\"wp-block-latest-posts__post-date\">19\/01\/2026<\/time><div class=\"wp-block-latest-posts__post-excerpt\">Met veel enthousiasme lanceren we&nbsp;Duinhilletje.nl&nbsp;\u2013 de nieuwe website van ons comfortabele chalet aan zee. Op deze site vind je alle informatie, foto\u2019s en beschikbaarheid van\u2026\u00a0<a class=\"wp-block-latest-posts__read-more\" href=\"https:\/\/duinhilletje.nl\/de\/nieuwe-chalet-in-de-verhuur\/\" rel=\"noopener noreferrer\"><span class=\"screen-reader-text\">Neues Chalet zu vermieten <\/span>weiterlesen<\/a><\/div><\/li>\n<\/ul><\/div>\n<\/div>\n\n\n\n<p class=\"has-color-7-background-color has-background\"><\/p>","protected":false},"excerpt":{"rendered":"<p>Ontsnap aan de drukte en kom tot rust in Duinhilletje, een sfeervol en comfortabel chalet gelegen op het rustige vakantiepark Haayse Bos in Ouddorp. Ons chalet wordt particulier verhuurd en is van alle gemakken voorzien, zodat jij onbezorgd kunt genieten van een heerlijke vakantie aan de Nederlandse kust. Gebruik deze zoeker en kijk of we [&hellip;]<\/p>\n","protected":false},"author":1,"featured_media":0,"parent":0,"menu_order":0,"comment_status":"closed","ping_status":"closed","template":"template-canvas-page.php","meta":{"inline_featured_image":false,"footnotes":""},"class_list":["post-1763","page","type-page","status-publish","hentry"],"yoast_head":"<!-- This site is optimized with the Yoast SEO plugin v27.1.1 - https:\/\/yoast.com\/product\/yoast-seo-wordpress\/ -->\n<title>Welkom bij Duinhilletje - Duinhilletje.nl<\/title>\n<meta name=\"robots\" content=\"index, follow, max-snippet:-1, max-image-preview:large, max-video-preview:-1\" \/>\n<link rel=\"canonical\" href=\"https:\/\/duinhilletje.nl\/de\/\" \/>\n<meta property=\"og:locale\" content=\"de_DE\" \/>\n<meta property=\"og:type\" content=\"article\" \/>\n<meta property=\"og:title\" content=\"Welkom bij Duinhilletje - Duinhilletje.nl\" \/>\n<meta property=\"og:description\" content=\"Ontsnap aan de drukte en kom tot rust in Duinhilletje, een sfeervol en comfortabel chalet gelegen op het rustige vakantiepark Haayse Bos in Ouddorp. Ons chalet wordt particulier verhuurd en is van alle gemakken voorzien, zodat jij onbezorgd kunt genieten van een heerlijke vakantie aan de Nederlandse kust. Gebruik deze zoeker en kijk of we [&hellip;]\" \/>\n<meta property=\"og:url\" content=\"https:\/\/duinhilletje.nl\/de\/\" \/>\n<meta property=\"og:site_name\" content=\"Duinhilletje.nl\" \/>\n<meta property=\"article:modified_time\" content=\"2026-03-13T17:29:37+00:00\" \/>\n<meta property=\"og:image\" content=\"https:\/\/duinhilletje.nl\/wp-content\/uploads\/2026\/03\/buitenkant-1-1024x682.png\" \/>\n\t<meta property=\"og:image:width\" content=\"1024\" \/>\n\t<meta property=\"og:image:height\" content=\"682\" \/>\n\t<meta property=\"og:image:type\" content=\"image\/png\" \/>\n<meta name=\"twitter:card\" content=\"summary_large_image\" \/>\n<meta name=\"twitter:label1\" content=\"Gesch\u00e4tzte Lesezeit\" \/>\n\t<meta name=\"twitter:data1\" content=\"3\u00a0Minuten\" \/>\n<script type=\"application\/ld+json\" class=\"yoast-schema-graph\">{\"@context\":\"https:\/\/schema.org\",\"@graph\":[{\"@type\":\"WebPage\",\"@id\":\"https:\/\/duinhilletje.nl\/\",\"url\":\"https:\/\/duinhilletje.nl\/\",\"name\":\"Welkom bij Duinhilletje - Duinhilletje.nl\",\"isPartOf\":{\"@id\":\"https:\/\/duinhilletje.nl\/#website\"},\"primaryImageOfPage\":{\"@id\":\"https:\/\/duinhilletje.nl\/#primaryimage\"},\"image\":{\"@id\":\"https:\/\/duinhilletje.nl\/#primaryimage\"},\"thumbnailUrl\":\"https:\/\/duinhilletje.nl\/wp-content\/uploads\/2026\/03\/buitenkant-1.png\",\"datePublished\":\"2026-01-19T10:33:28+00:00\",\"dateModified\":\"2026-03-13T17:29:37+00:00\",\"breadcrumb\":{\"@id\":\"https:\/\/duinhilletje.nl\/#breadcrumb\"},\"inLanguage\":\"de\",\"potentialAction\":[{\"@type\":\"ReadAction\",\"target\":[\"https:\/\/duinhilletje.nl\/\"]}]},{\"@type\":\"ImageObject\",\"inLanguage\":\"de\",\"@id\":\"https:\/\/duinhilletje.nl\/#primaryimage\",\"url\":\"https:\/\/duinhilletje.nl\/wp-content\/uploads\/2026\/03\/buitenkant-1.png\",\"contentUrl\":\"https:\/\/duinhilletje.nl\/wp-content\/uploads\/2026\/03\/buitenkant-1.png\"},{\"@type\":\"BreadcrumbList\",\"@id\":\"https:\/\/duinhilletje.nl\/#breadcrumb\",\"itemListElement\":[{\"@type\":\"ListItem\",\"position\":1,\"name\":\"Home\",\"item\":\"https:\/\/duinhilletje.nl\/\"},{\"@type\":\"ListItem\",\"position\":2,\"name\":\"Welkom bij Duinhilletje\"}]},{\"@type\":\"WebSite\",\"@id\":\"https:\/\/duinhilletje.nl\/#website\",\"url\":\"https:\/\/duinhilletje.nl\/\",\"name\":\"Duinhilletje.nl\",\"description\":\"Jouw fijne vakantieplek aan zee \u2013 welkom bij Duinhilletje.\",\"potentialAction\":[{\"@type\":\"SearchAction\",\"target\":{\"@type\":\"EntryPoint\",\"urlTemplate\":\"https:\/\/duinhilletje.nl\/?s={search_term_string}\"},\"query-input\":{\"@type\":\"PropertyValueSpecification\",\"valueRequired\":true,\"valueName\":\"search_term_string\"}}],\"inLanguage\":\"de\"}]}<\/script>\n<!-- \/ Yoast SEO plugin. -->","yoast_head_json":{"title":"Welkom bij Duinhilletje - Duinhilletje.nl","robots":{"index":"index","follow":"follow","max-snippet":"max-snippet:-1","max-image-preview":"max-image-preview:large","max-video-preview":"max-video-preview:-1"},"canonical":"https:\/\/duinhilletje.nl\/de\/","og_locale":"de_DE","og_type":"article","og_title":"Welkom bij Duinhilletje - Duinhilletje.nl","og_description":"Ontsnap aan de drukte en kom tot rust in Duinhilletje, een sfeervol en comfortabel chalet gelegen op het rustige vakantiepark Haayse Bos in Ouddorp. Ons chalet wordt particulier verhuurd en is van alle gemakken voorzien, zodat jij onbezorgd kunt genieten van een heerlijke vakantie aan de Nederlandse kust. Gebruik deze zoeker en kijk of we [&hellip;]","og_url":"https:\/\/duinhilletje.nl\/de\/","og_site_name":"Duinhilletje.nl","article_modified_time":"2026-03-13T17:29:37+00:00","og_image":[{"width":1024,"height":682,"url":"https:\/\/duinhilletje.nl\/wp-content\/uploads\/2026\/03\/buitenkant-1-1024x682.png","type":"image\/png"}],"twitter_card":"summary_large_image","twitter_misc":{"Gesch\u00e4tzte Lesezeit":"3\u00a0Minuten"},"schema":{"@context":"https:\/\/schema.org","@graph":[{"@type":"WebPage","@id":"https:\/\/duinhilletje.nl\/","url":"https:\/\/duinhilletje.nl\/","name":"Welkom bij Duinhilletje - Duinhilletje.nl","isPartOf":{"@id":"https:\/\/duinhilletje.nl\/#website"},"primaryImageOfPage":{"@id":"https:\/\/duinhilletje.nl\/#primaryimage"},"image":{"@id":"https:\/\/duinhilletje.nl\/#primaryimage"},"thumbnailUrl":"https:\/\/duinhilletje.nl\/wp-content\/uploads\/2026\/03\/buitenkant-1.png","datePublished":"2026-01-19T10:33:28+00:00","dateModified":"2026-03-13T17:29:37+00:00","breadcrumb":{"@id":"https:\/\/duinhilletje.nl\/#breadcrumb"},"inLanguage":"de","potentialAction":[{"@type":"ReadAction","target":["https:\/\/duinhilletje.nl\/"]}]},{"@type":"ImageObject","inLanguage":"de","@id":"https:\/\/duinhilletje.nl\/#primaryimage","url":"https:\/\/duinhilletje.nl\/wp-content\/uploads\/2026\/03\/buitenkant-1.png","contentUrl":"https:\/\/duinhilletje.nl\/wp-content\/uploads\/2026\/03\/buitenkant-1.png"},{"@type":"BreadcrumbList","@id":"https:\/\/duinhilletje.nl\/#breadcrumb","itemListElement":[{"@type":"ListItem","position":1,"name":"Home","item":"https:\/\/duinhilletje.nl\/"},{"@type":"ListItem","position":2,"name":"Welkom bij Duinhilletje"}]},{"@type":"WebSite","@id":"https:\/\/duinhilletje.nl\/#website","url":"https:\/\/duinhilletje.nl\/","name":"Duinhilletje.nl","description":"Ihr traumhafter Urlaubsort am Meer \u2013 willkommen in Duinhilletje.","potentialAction":[{"@type":"SearchAction","target":{"@type":"EntryPoint","urlTemplate":"https:\/\/duinhilletje.nl\/?s={search_term_string}"},"query-input":{"@type":"PropertyValueSpecification","valueRequired":true,"valueName":"search_term_string"}}],"inLanguage":"de"}]}},"jetpack_sharing_enabled":true,"_links":{"self":[{"href":"https:\/\/duinhilletje.nl\/de\/wp-json\/wp\/v2\/pages\/1763","targetHints":{"allow":["GET"]}}],"collection":[{"href":"https:\/\/duinhilletje.nl\/de\/wp-json\/wp\/v2\/pages"}],"about":[{"href":"https:\/\/duinhilletje.nl\/de\/wp-json\/wp\/v2\/types\/page"}],"author":[{"embeddable":true,"href":"https:\/\/duinhilletje.nl\/de\/wp-json\/wp\/v2\/users\/1"}],"replies":[{"embeddable":true,"href":"https:\/\/duinhilletje.nl\/de\/wp-json\/wp\/v2\/comments?post=1763"}],"version-history":[{"count":37,"href":"https:\/\/duinhilletje.nl\/de\/wp-json\/wp\/v2\/pages\/1763\/revisions"}],"predecessor-version":[{"id":2082,"href":"https:\/\/duinhilletje.nl\/de\/wp-json\/wp\/v2\/pages\/1763\/revisions\/2082"}],"wp:attachment":[{"href":"https:\/\/duinhilletje.nl\/de\/wp-json\/wp\/v2\/media?parent=1763"}],"curies":[{"name":"wp","href":"https:\/\/api.w.org\/{rel}","templated":true}]}}